{"id":3140,"date":"2021-07-28T09:03:56","date_gmt":"2021-07-28T07:03:56","guid":{"rendered":"http:\/\/www.ilplonner.de\/?page_id=3140"},"modified":"2021-07-28T10:11:13","modified_gmt":"2021-07-28T08:11:13","slug":"ospite","status":"publish","type":"page","link":"https:\/\/www.ilplonner.de\/it\/ospite\/","title":{"rendered":"Ospite"},"content":{"rendered":"\t\t<div data-elementor-type=\"wp-page\" data-elementor-id=\"3140\" class=\"elementor elementor-3140 elementor-843\" data-elementor-settings=\"[]\">\n\t\t\t\t\t\t\t<div class=\"elementor-section-wrap\">\n\t\t\t\t\t\t\t<section class=\"elementor-section elementor-top-section elementor-element elementor-element-a506ced elementor-section-boxed elementor-section-height-default elementor-section-height-default\" data-id=\"a506ced\" data-element_type=\"section\" data-settings=\"{&quot;background_background&quot;:&quot;classic&quot;}\">\n\t\t\t\t\t\t\t<div class=\"elementor-background-overlay\"><\/div>\n\t\t\t\t\t\t\t<div class=\"elementor-container elementor-column-gap-default\">\n\t\t\t\t\t<div class=\"elementor-column elementor-col-100 elementor-top-column elementor-element elementor-element-ba035a2\" data-id=\"ba035a2\" data-element_type=\"column\">\n\t\t\t<div class=\"elementor-widget-wrap elementor-element-populated\">\n\t\t\t\t\t\t\t\t<div class=\"elementor-element elementor-element-a4f989a elementor-widget elementor-widget-heading\" data-id=\"a4f989a\" data-element_type=\"widget\" data-widget_type=\"heading.default\">\n\t\t\t\t<div class=\"elementor-widget-container\">\n\t\t\t<span class=\"elementor-heading-title elementor-size-default\">IL PLONNER \u2013 Village Inn<\/span>\t\t<\/div>\n\t\t\t\t<\/div>\n\t\t\t\t<div class=\"elementor-element elementor-element-1c6f134 elementor-widget elementor-widget-heading\" data-id=\"1c6f134\" data-element_type=\"widget\" data-widget_type=\"heading.default\">\n\t\t\t\t<div class=\"elementor-widget-container\">\n\t\t\t<span class=\"elementor-heading-title elementor-size-default\">Ospite<\/span>\t\t<\/div>\n\t\t\t\t<\/div>\n\t\t\t\t<div class=\"elementor-element elementor-element-8950b7b elementor-widget elementor-widget-image\" data-id=\"8950b7b\" data-element_type=\"widget\" data-widget_type=\"image.default\">\n\t\t\t\t<div class=\"elementor-widget-container\">\n\t\t\t\t\t\t\t\t\t\t\t\t\t\t\t<img loading=\"lazy\" decoding=\"async\" width=\"360\" height=\"89\" src=\"https:\/\/www.ilplonner.de\/wp-content\/uploads\/2021\/06\/Schno\u0308rkel-Weiss1.png\" class=\"attachment-large size-large\" alt=\"Schn\u00f6rkel Wei\u00df\" srcset=\"https:\/\/www.ilplonner.de\/wp-content\/uploads\/2021\/06\/Schno\u0308rkel-Weiss1.png 360w, https:\/\/www.ilplonner.de\/wp-content\/uploads\/2021\/06\/Schno\u0308rkel-Weiss1-300x74.png 300w\" sizes=\"auto, (max-width: 360px) 100vw, 360px\" \/>\t\t\t\t\t\t\t\t\t\t\t\t\t\t\t<\/div>\n\t\t\t\t<\/div>\n\t\t\t\t\t<\/div>\n\t\t<\/div>\n\t\t\t\t\t\t\t<\/div>\n\t\t<\/section>\n\t\t\t\t<section class=\"elementor-section elementor-top-section elementor-element elementor-element-1bd24b3 elementor-section-boxed elementor-section-height-default elementor-section-height-default\" data-id=\"1bd24b3\" data-element_type=\"section\" data-settings=\"{&quot;background_background&quot;:&quot;classic&quot;}\">\n\t\t\t\t\t\t\t<div class=\"elementor-background-overlay\"><\/div>\n\t\t\t\t\t\t\t<div class=\"elementor-container elementor-column-gap-no\">\n\t\t\t\t\t<div class=\"elementor-column elementor-col-50 elementor-top-column elementor-element elementor-element-16dc5fe elementor-invisible\" data-id=\"16dc5fe\" data-element_type=\"column\" data-settings=\"{&quot;background_background&quot;:&quot;classic&quot;,&quot;animation&quot;:&quot;fadeIn&quot;,&quot;animation_delay&quot;:200}\">\n\t\t\t<div class=\"elementor-widget-wrap elementor-element-populated\">\n\t\t\t\t\t\t\t\t<div class=\"elementor-element elementor-element-b398efc elementor-widget elementor-widget-heading\" data-id=\"b398efc\" data-element_type=\"widget\" data-widget_type=\"heading.default\">\n\t\t\t\t<div class=\"elementor-widget-container\">\n\t\t\t<h1 class=\"elementor-heading-title elementor-size-default\">I vostri padroni di casa a Il Plonner<\/h1>\t\t<\/div>\n\t\t\t\t<\/div>\n\t\t\t\t<div class=\"elementor-element elementor-element-80d0ff5 elementor-widget elementor-widget-heading\" data-id=\"80d0ff5\" data-element_type=\"widget\" data-widget_type=\"heading.default\">\n\t\t\t\t<div class=\"elementor-widget-container\">\n\t\t\t<h2 class=\"elementor-heading-title elementor-size-default\">Domenico und Carola Petrone<\/h2>\t\t<\/div>\n\t\t\t\t<\/div>\n\t\t\t\t<div class=\"elementor-element elementor-element-e550369 elementor-widget elementor-widget-text-editor\" data-id=\"e550369\" data-element_type=\"widget\" data-widget_type=\"text-editor.default\">\n\t\t\t\t<div class=\"elementor-widget-container\">\n\t\t\t\t\t\t\t\t<p>Benvenuti al Dorfgasthof Il Plonner!<\/p><p>Il padrone di casa Domenico Petrone vi accoglie nel nostro piccolo gioiello di We\u00dfling\/Oberpfaffenhofen e vi vizia con un raffinato mix di alta cucina bavarese-italiana, mentre Carola si occupa della giusta presentazione sullo sfondo.<\/p><p>Il nostro motto \u00e8 &#8220;azioni non parole&#8221;, ed \u00e8 per questo che includiamo sempre una buona porzione di sostenibilit\u00e0 e senso di responsabilit\u00e0 nei nostri piatti. Siamo membri dell&#8217;associazione BIO HOTELS da anni e siamo certificati per la trasparenza assoluta per voi e il nostro ambiente. E sicuramente lo assaggerete, lo sentirete e lo sperimenterete.<\/p><p>Non vediamo l&#8217;ora di vedervi!<\/p>\t\t\t\t\t\t<\/div>\n\t\t\t\t<\/div>\n\t\t\t\t<div class=\"elementor-element elementor-element-cfda5c9 elementor-widget elementor-widget-spacer\" data-id=\"cfda5c9\" data-element_type=\"widget\" data-widget_type=\"spacer.default\">\n\t\t\t\t<div class=\"elementor-widget-container\">\n\t\t\t\t\t<div class=\"elementor-spacer\">\n\t\t\t<div class=\"elementor-spacer-inner\"><\/div>\n\t\t<\/div>\n\t\t\t\t<\/div>\n\t\t\t\t<\/div>\n\t\t\t\t\t<\/div>\n\t\t<\/div>\n\t\t\t\t<div class=\"elementor-column elementor-col-50 elementor-top-column elementor-element elementor-element-f48d187 elementor-invisible\" data-id=\"f48d187\" data-element_type=\"column\" data-settings=\"{&quot;background_background&quot;:&quot;classic&quot;,&quot;animation&quot;:&quot;fadeIn&quot;,&quot;animation_delay&quot;:200}\">\n\t\t\t<div class=\"elementor-widget-wrap elementor-element-populated\">\n\t\t\t\t\t\t\t\t<div class=\"elementor-element elementor-element-abba87a elementor-widget elementor-widget-spacer\" data-id=\"abba87a\" data-element_type=\"widget\" data-widget_type=\"spacer.default\">\n\t\t\t\t<div class=\"elementor-widget-container\">\n\t\t\t\t\t<div class=\"elementor-spacer\">\n\t\t\t<div class=\"elementor-spacer-inner\"><\/div>\n\t\t<\/div>\n\t\t\t\t<\/div>\n\t\t\t\t<\/div>\n\t\t\t\t\t<\/div>\n\t\t<\/div>\n\t\t\t\t\t\t\t<\/div>\n\t\t<\/section>\n\t\t\t\t<section class=\"elementor-section elementor-top-section elementor-element elementor-element-d8a29f9 elementor-section-boxed elementor-section-height-default elementor-section-height-default\" data-id=\"d8a29f9\" data-element_type=\"section\" data-settings=\"{&quot;background_background&quot;:&quot;classic&quot;}\">\n\t\t\t\t\t\t\t<div class=\"elementor-background-overlay\"><\/div>\n\t\t\t\t\t\t\t<div class=\"elementor-container elementor-column-gap-default\">\n\t\t\t\t\t<div class=\"elementor-column elementor-col-50 elementor-top-column elementor-element elementor-element-56cdd22\" data-id=\"56cdd22\" data-element_type=\"column\" data-settings=\"{&quot;background_background&quot;:&quot;classic&quot;}\">\n\t\t\t<div class=\"elementor-widget-wrap elementor-element-populated\">\n\t\t\t\t\t\t\t\t<div class=\"elementor-element elementor-element-789a68d elementor-view-default elementor-vertical-align-top elementor-widget elementor-widget-icon-box\" data-id=\"789a68d\" data-element_type=\"widget\" data-widget_type=\"icon-box.default\">\n\t\t\t\t<div class=\"elementor-widget-container\">\n\t\t\t\t\t<div class=\"elementor-icon-box-wrapper\">\n\t\t\t\t\t\t<div class=\"elementor-icon-box-content\">\n\t\t\t\t<h5 class=\"elementor-icon-box-title\">\n\t\t\t\t\t<span >Carola & Domenico Petrone<\/span>\n\t\t\t\t<\/h5>\n\t\t\t\t\t\t\t<\/div>\n\t\t<\/div>\n\t\t\t\t<\/div>\n\t\t\t\t<\/div>\n\t\t\t\t\t<\/div>\n\t\t<\/div>\n\t\t\t\t<div class=\"elementor-column elementor-col-50 elementor-top-column elementor-element elementor-element-dce6e12\" data-id=\"dce6e12\" data-element_type=\"column\" data-settings=\"{&quot;background_background&quot;:&quot;classic&quot;}\">\n\t\t\t<div class=\"elementor-widget-wrap elementor-element-populated\">\n\t\t\t\t\t\t\t\t<div class=\"elementor-element elementor-element-a3f3272 elementor-widget elementor-widget-image\" data-id=\"a3f3272\" data-element_type=\"widget\" data-widget_type=\"image.default\">\n\t\t\t\t<div class=\"elementor-widget-container\">\n\t\t\t\t\t\t\t\t\t\t\t\t\t\t\t<img loading=\"lazy\" decoding=\"async\" width=\"1024\" height=\"636\" src=\"https:\/\/www.ilplonner.de\/wp-content\/uploads\/2021\/06\/Il-Plonner-Gastgeber-Petrone-1024x636.jpg\" class=\"attachment-large size-large\" alt=\"Il Plonner Dorf-Gasthof Wessling Familie Petrone\" srcset=\"https:\/\/www.ilplonner.de\/wp-content\/uploads\/2021\/06\/Il-Plonner-Gastgeber-Petrone-1024x636.jpg 1024w, https:\/\/www.ilplonner.de\/wp-content\/uploads\/2021\/06\/Il-Plonner-Gastgeber-Petrone-300x186.jpg 300w, https:\/\/www.ilplonner.de\/wp-content\/uploads\/2021\/06\/Il-Plonner-Gastgeber-Petrone-768x477.jpg 768w, https:\/\/www.ilplonner.de\/wp-content\/uploads\/2021\/06\/Il-Plonner-Gastgeber-Petrone.jpg 1065w\" sizes=\"auto, (max-width: 1024px) 100vw, 1024px\" \/>\t\t\t\t\t\t\t\t\t\t\t\t\t\t\t<\/div>\n\t\t\t\t<\/div>\n\t\t\t\t\t<\/div>\n\t\t<\/div>\n\t\t\t\t\t\t\t<\/div>\n\t\t<\/section>\n\t\t\t\t<section class=\"elementor-section elementor-top-section elementor-element elementor-element-382de27 elementor-section-boxed elementor-section-height-default elementor-section-height-default\" data-id=\"382de27\" data-element_type=\"section\">\n\t\t\t\t\t\t<div class=\"elementor-container elementor-column-gap-default\">\n\t\t\t\t\t<div class=\"elementor-column elementor-col-33 elementor-top-column elementor-element elementor-element-5d0b9e5\" data-id=\"5d0b9e5\" data-element_type=\"column\">\n\t\t\t<div class=\"elementor-widget-wrap elementor-element-populated\">\n\t\t\t\t\t\t\t\t<div class=\"elementor-element elementor-element-b65ea87 elementor-widget elementor-widget-image\" data-id=\"b65ea87\" data-element_type=\"widget\" data-widget_type=\"image.default\">\n\t\t\t\t<div class=\"elementor-widget-container\">\n\t\t\t\t\t\t\t\t\t\t\t\t\t\t\t<img loading=\"lazy\" decoding=\"async\" width=\"500\" height=\"500\" src=\"https:\/\/www.ilplonner.de\/wp-content\/uploads\/2021\/06\/Il-Plonner-Dessert-Schokohoch-3.jpg\" class=\"elementor-animation-sink attachment-full size-full\" alt=\"Il Plonner Dorf-Gasthof Wessling Dessert Schoko\" srcset=\"https:\/\/www.ilplonner.de\/wp-content\/uploads\/2021\/06\/Il-Plonner-Dessert-Schokohoch-3.jpg 500w, https:\/\/www.ilplonner.de\/wp-content\/uploads\/2021\/06\/Il-Plonner-Dessert-Schokohoch-3-300x300.jpg 300w, https:\/\/www.ilplonner.de\/wp-content\/uploads\/2021\/06\/Il-Plonner-Dessert-Schokohoch-3-150x150.jpg 150w\" sizes=\"auto, (max-width: 500px) 100vw, 500px\" \/>\t\t\t\t\t\t\t\t\t\t\t\t\t\t\t<\/div>\n\t\t\t\t<\/div>\n\t\t\t\t\t<\/div>\n\t\t<\/div>\n\t\t\t\t<div class=\"elementor-column elementor-col-33 elementor-top-column elementor-element elementor-element-d6531ca\" data-id=\"d6531ca\" data-element_type=\"column\">\n\t\t\t<div class=\"elementor-widget-wrap elementor-element-populated\">\n\t\t\t\t\t\t\t\t<div class=\"elementor-element elementor-element-d8ee1e6 elementor-widget elementor-widget-image\" data-id=\"d8ee1e6\" data-element_type=\"widget\" data-widget_type=\"image.default\">\n\t\t\t\t<div class=\"elementor-widget-container\">\n\t\t\t\t\t\t\t\t\t\t\t\t\t\t\t<img loading=\"lazy\" decoding=\"async\" width=\"500\" height=\"500\" src=\"https:\/\/www.ilplonner.de\/wp-content\/uploads\/2021\/06\/Il-Plonner-Umgebung-Natur.jpg\" class=\"elementor-animation-sink attachment-full size-full\" alt=\"Il Plonner Dorf-Gasthof Wessling Umgebung We\u00dflinger See\" srcset=\"https:\/\/www.ilplonner.de\/wp-content\/uploads\/2021\/06\/Il-Plonner-Umgebung-Natur.jpg 500w, https:\/\/www.ilplonner.de\/wp-content\/uploads\/2021\/06\/Il-Plonner-Umgebung-Natur-300x300.jpg 300w, https:\/\/www.ilplonner.de\/wp-content\/uploads\/2021\/06\/Il-Plonner-Umgebung-Natur-150x150.jpg 150w\" sizes=\"auto, (max-width: 500px) 100vw, 500px\" \/>\t\t\t\t\t\t\t\t\t\t\t\t\t\t\t<\/div>\n\t\t\t\t<\/div>\n\t\t\t\t\t<\/div>\n\t\t<\/div>\n\t\t\t\t<div class=\"elementor-column elementor-col-33 elementor-top-column elementor-element elementor-element-8e64f55\" data-id=\"8e64f55\" data-element_type=\"column\" data-settings=\"{&quot;background_background&quot;:&quot;classic&quot;}\">\n\t\t\t<div class=\"elementor-widget-wrap elementor-element-populated\">\n\t\t\t\t\t\t\t\t<div class=\"elementor-element elementor-element-1fd4768 elementor-hidden-tablet elementor-widget elementor-widget-text-editor\" data-id=\"1fd4768\" data-element_type=\"widget\" data-widget_type=\"text-editor.default\">\n\t\t\t\t<div class=\"elementor-widget-container\">\n\t\t\t\t\t\t\t\t<h3 style=\"text-align: center;\"><span style=\"color: #ffffff;\"><strong>&#8220;Vi vizieremo con un mix raffinato della migliore cucina bavarese-italiana&#8221;.<\/strong><\/span><\/h3>\t\t\t\t\t\t<\/div>\n\t\t\t\t<\/div>\n\t\t\t\t\t<\/div>\n\t\t<\/div>\n\t\t\t\t\t\t\t<\/div>\n\t\t<\/section>\n\t\t\t\t<section class=\"elementor-section elementor-top-section elementor-element elementor-element-47f770c elementor-section-boxed elementor-section-height-default elementor-section-height-default\" data-id=\"47f770c\" data-element_type=\"section\" data-settings=\"{&quot;background_background&quot;:&quot;classic&quot;}\">\n\t\t\t\t\t\t\t<div class=\"elementor-background-overlay\"><\/div>\n\t\t\t\t\t\t\t<div class=\"elementor-container elementor-column-gap-default\">\n\t\t\t\t\t<div class=\"elementor-column elementor-col-33 elementor-top-column elementor-element elementor-element-95edc39\" data-id=\"95edc39\" data-element_type=\"column\">\n\t\t\t<div class=\"elementor-widget-wrap elementor-element-populated\">\n\t\t\t\t\t\t\t\t<div class=\"elementor-element elementor-element-45f5d1c elementor-widget elementor-widget-image\" data-id=\"45f5d1c\" data-element_type=\"widget\" data-widget_type=\"image.default\">\n\t\t\t\t<div class=\"elementor-widget-container\">\n\t\t\t\t\t\t\t\t\t\t\t\t\t\t\t<img loading=\"lazy\" decoding=\"async\" width=\"380\" height=\"500\" src=\"https:\/\/www.ilplonner.de\/wp-content\/uploads\/2021\/06\/Il-Plonner-Pizzaria-Wessling-Lieferung.jpg\" class=\"attachment-full size-full\" alt=\"Il Plonner Dorf-Gasthof Wessling Pizza Lieferung\" srcset=\"https:\/\/www.ilplonner.de\/wp-content\/uploads\/2021\/06\/Il-Plonner-Pizzaria-Wessling-Lieferung.jpg 380w, https:\/\/www.ilplonner.de\/wp-content\/uploads\/2021\/06\/Il-Plonner-Pizzaria-Wessling-Lieferung-228x300.jpg 228w\" sizes=\"auto, (max-width: 380px) 100vw, 380px\" \/>\t\t\t\t\t\t\t\t\t\t\t\t\t\t\t<\/div>\n\t\t\t\t<\/div>\n\t\t\t\t\t<\/div>\n\t\t<\/div>\n\t\t\t\t<div class=\"elementor-column elementor-col-33 elementor-top-column elementor-element elementor-element-626c155\" data-id=\"626c155\" data-element_type=\"column\" data-settings=\"{&quot;background_background&quot;:&quot;classic&quot;}\">\n\t\t\t<div class=\"elementor-widget-wrap elementor-element-populated\">\n\t\t\t\t\t\t\t\t<div class=\"elementor-element elementor-element-8dd5d06 elementor-hidden-tablet elementor-view-default elementor-vertical-align-top elementor-widget elementor-widget-icon-box\" data-id=\"8dd5d06\" data-element_type=\"widget\" data-widget_type=\"icon-box.default\">\n\t\t\t\t<div class=\"elementor-widget-container\">\n\t\t\t\t\t<div class=\"elementor-icon-box-wrapper\">\n\t\t\t\t\t\t<div class=\"elementor-icon-box-content\">\n\t\t\t\t<h5 class=\"elementor-icon-box-title\">\n\t\t\t\t\t<span >Sostenibilit\u00e0 e responsabilit\u00e0 sono il nostro credo!<\/span>\n\t\t\t\t<\/h5>\n\t\t\t\t\t\t\t<\/div>\n\t\t<\/div>\n\t\t\t\t<\/div>\n\t\t\t\t<\/div>\n\t\t\t\t\t<\/div>\n\t\t<\/div>\n\t\t\t\t<div class=\"elementor-column elementor-col-33 elementor-top-column elementor-element elementor-element-b088ce7\" data-id=\"b088ce7\" data-element_type=\"column\">\n\t\t\t<div class=\"elementor-widget-wrap elementor-element-populated\">\n\t\t\t\t\t\t\t\t<div class=\"elementor-element elementor-element-b2e85d3 elementor-widget elementor-widget-image\" data-id=\"b2e85d3\" data-element_type=\"widget\" data-widget_type=\"image.default\">\n\t\t\t\t<div class=\"elementor-widget-container\">\n\t\t\t\t\t\t\t\t\t\t\t\t\t\t\t<img loading=\"lazy\" decoding=\"async\" width=\"380\" height=\"500\" src=\"https:\/\/www.ilplonner.de\/wp-content\/uploads\/2021\/06\/Il-Plonner-Zimmer-Details-3.jpg\" class=\"elementor-animation-sink attachment-full size-full\" alt=\"Il Plonner Dorf-Gasthof Wessling Zimmer\" srcset=\"https:\/\/www.ilplonner.de\/wp-content\/uploads\/2021\/06\/Il-Plonner-Zimmer-Details-3.jpg 380w, https:\/\/www.ilplonner.de\/wp-content\/uploads\/2021\/06\/Il-Plonner-Zimmer-Details-3-228x300.jpg 228w\" sizes=\"auto, (max-width: 380px) 100vw, 380px\" \/>\t\t\t\t\t\t\t\t\t\t\t\t\t\t\t<\/div>\n\t\t\t\t<\/div>\n\t\t\t\t\t<\/div>\n\t\t<\/div>\n\t\t\t\t\t\t\t<\/div>\n\t\t<\/section>\n\t\t\t\t<section class=\"elementor-section elementor-top-section elementor-element elementor-element-7ab28d2 elementor-section-boxed elementor-section-height-default elementor-section-height-default\" data-id=\"7ab28d2\" data-element_type=\"section\">\n\t\t\t\t\t\t<div class=\"elementor-container elementor-column-gap-default\">\n\t\t\t\t\t<div class=\"elementor-column elementor-col-100 elementor-top-column elementor-element elementor-element-6d23ff8\" data-id=\"6d23ff8\" data-element_type=\"column\">\n\t\t\t<div class=\"elementor-widget-wrap elementor-element-populated\">\n\t\t\t\t\t\t\t\t<div class=\"elementor-element elementor-element-3bdc583 elementor-widget elementor-widget-spacer\" data-id=\"3bdc583\" data-element_type=\"widget\" data-widget_type=\"spacer.default\">\n\t\t\t\t<div class=\"elementor-widget-container\">\n\t\t\t\t\t<div class=\"elementor-spacer\">\n\t\t\t<div class=\"elementor-spacer-inner\"><\/div>\n\t\t<\/div>\n\t\t\t\t<\/div>\n\t\t\t\t<\/div>\n\t\t\t\t\t<\/div>\n\t\t<\/div>\n\t\t\t\t\t\t\t<\/div>\n\t\t<\/section>\n\t\t\t\t\t\t<\/div>\n\t\t\t\t\t<\/div>\n\t\t","protected":false},"excerpt":{"rendered":"<p>IL PLONNER \u2013 Village Inn Ospite I vostri padroni di casa a Il Plonner Domenico und Carola Petrone Benvenuti al Dorfgasthof Il Plonner! Il padrone di casa Domenico Petrone vi accoglie nel nostro piccolo gioiello di We\u00dfling\/Oberpfaffenhofen e vi vizia con un raffinato mix di alta cucina bavarese-italiana, mentre Carola si occupa della giusta presentazione &hellip;<\/p>\n<p class=\"read-more\"> <a class=\"\" href=\"https:\/\/www.ilplonner.de\/it\/ospite\/\"> <span class=\"screen-reader-text\">Ospite<\/span> Leggi altro &raquo;<\/a><\/p>\n","protected":false},"author":1,"featured_media":0,"parent":0,"menu_order":0,"comment_status":"closed","ping_status":"closed","template":"","meta":{"_mi_skip_tracking":false,"footnotes":""},"class_list":["post-3140","page","type-page","status-publish","hentry"],"yoast_head":"<!-- This site is optimized with the Yoast SEO plugin v18.1 - https:\/\/yoast.com\/wordpress\/plugins\/seo\/ -->\n<title>I vostri padroni di casa al Dorfgasthof Il Plonner<\/title>\n<meta name=\"description\" content=\"Domenico e Carola Petrone vi danno il benvenuto al Dorfgasthof Il Plonner come padroni di casa con passione \u27a8 Per saperne di pi\u00f9!\" \/>\n<meta name=\"robots\" content=\"index, follow, max-snippet:-1, max-image-preview:large, max-video-preview:-1\" \/>\n<link rel=\"canonical\" href=\"https:\/\/www.ilplonner.de\/it\/ospite\/\" \/>\n<meta property=\"og:locale\" content=\"it_IT\" \/>\n<meta property=\"og:type\" content=\"article\" \/>\n<meta property=\"og:title\" content=\"I vostri padroni di casa al Dorfgasthof Il Plonner\" \/>\n<meta property=\"og:description\" content=\"Domenico e Carola Petrone vi danno il benvenuto al Dorfgasthof Il Plonner come padroni di casa con passione \u27a8 Per saperne di pi\u00f9!\" \/>\n<meta property=\"og:url\" content=\"https:\/\/www.ilplonner.de\/it\/ospite\/\" \/>\n<meta property=\"og:site_name\" content=\"Il Plonner\" \/>\n<meta property=\"article:modified_time\" content=\"2021-07-28T08:11:13+00:00\" \/>\n<meta property=\"og:image\" content=\"http:\/\/www.ilplonner.de\/wp-content\/uploads\/2021\/06\/Schno\u0308rkel-Weiss1.png\" \/>\n<meta name=\"twitter:card\" content=\"summary_large_image\" \/>\n<meta name=\"twitter:label1\" content=\"Tempo di lettura stimato\" \/>\n\t<meta name=\"twitter:data1\" content=\"2 minuti\" \/>\n<script type=\"application\/ld+json\" class=\"yoast-schema-graph\">{\"@context\":\"https:\/\/schema.org\",\"@graph\":[{\"@type\":\"WebSite\",\"@id\":\"https:\/\/www.ilplonner.de\/#website\",\"url\":\"https:\/\/www.ilplonner.de\/\",\"name\":\"Il Plonner\",\"description\":\"Der Dorf-Gasthof\",\"potentialAction\":[{\"@type\":\"SearchAction\",\"target\":{\"@type\":\"EntryPoint\",\"urlTemplate\":\"https:\/\/www.ilplonner.de\/?s={search_term_string}\"},\"query-input\":\"required name=search_term_string\"}],\"inLanguage\":\"it-IT\"},{\"@type\":\"ImageObject\",\"@id\":\"https:\/\/www.ilplonner.de\/it\/ospite\/#primaryimage\",\"inLanguage\":\"it-IT\",\"url\":\"http:\/\/www.ilplonner.de\/wp-content\/uploads\/2021\/06\/Schno\u0308rkel-Weiss1.png\",\"contentUrl\":\"http:\/\/www.ilplonner.de\/wp-content\/uploads\/2021\/06\/Schno\u0308rkel-Weiss1.png\"},{\"@type\":\"WebPage\",\"@id\":\"https:\/\/www.ilplonner.de\/it\/ospite\/#webpage\",\"url\":\"https:\/\/www.ilplonner.de\/it\/ospite\/\",\"name\":\"I vostri padroni di casa al Dorfgasthof Il Plonner\",\"isPartOf\":{\"@id\":\"https:\/\/www.ilplonner.de\/#website\"},\"primaryImageOfPage\":{\"@id\":\"https:\/\/www.ilplonner.de\/it\/ospite\/#primaryimage\"},\"datePublished\":\"2021-07-28T07:03:56+00:00\",\"dateModified\":\"2021-07-28T08:11:13+00:00\",\"description\":\"Domenico e Carola Petrone vi danno il benvenuto al Dorfgasthof Il Plonner come padroni di casa con passione \u27a8 Per saperne di pi\u00f9!\",\"breadcrumb\":{\"@id\":\"https:\/\/www.ilplonner.de\/it\/ospite\/#breadcrumb\"},\"inLanguage\":\"it-IT\",\"potentialAction\":[{\"@type\":\"ReadAction\",\"target\":[\"https:\/\/www.ilplonner.de\/it\/ospite\/\"]}]},{\"@type\":\"BreadcrumbList\",\"@id\":\"https:\/\/www.ilplonner.de\/it\/ospite\/#breadcrumb\",\"itemListElement\":[{\"@type\":\"ListItem\",\"position\":1,\"name\":\"Startseite\",\"item\":\"https:\/\/www.ilplonner.de\/it\/\"},{\"@type\":\"ListItem\",\"position\":2,\"name\":\"Ospite\"}]}]}<\/script>\n<!-- \/ Yoast SEO plugin. -->","yoast_head_json":{"title":"I vostri padroni di casa al Dorfgasthof Il Plonner","description":"Domenico e Carola Petrone vi danno il benvenuto al Dorfgasthof Il Plonner come padroni di casa con passione \u27a8 Per saperne di pi\u00f9!","robots":{"index":"index","follow":"follow","max-snippet":"max-snippet:-1","max-image-preview":"max-image-preview:large","max-video-preview":"max-video-preview:-1"},"canonical":"https:\/\/www.ilplonner.de\/it\/ospite\/","og_locale":"it_IT","og_type":"article","og_title":"I vostri padroni di casa al Dorfgasthof Il Plonner","og_description":"Domenico e Carola Petrone vi danno il benvenuto al Dorfgasthof Il Plonner come padroni di casa con passione \u27a8 Per saperne di pi\u00f9!","og_url":"https:\/\/www.ilplonner.de\/it\/ospite\/","og_site_name":"Il Plonner","article_modified_time":"2021-07-28T08:11:13+00:00","og_image":[{"url":"http:\/\/www.ilplonner.de\/wp-content\/uploads\/2021\/06\/Schno\u0308rkel-Weiss1.png"}],"twitter_card":"summary_large_image","twitter_misc":{"Tempo di lettura stimato":"2 minuti"},"schema":{"@context":"https:\/\/schema.org","@graph":[{"@type":"WebSite","@id":"https:\/\/www.ilplonner.de\/#website","url":"https:\/\/www.ilplonner.de\/","name":"Il Plonner","description":"Der Dorf-Gasthof","potentialAction":[{"@type":"SearchAction","target":{"@type":"EntryPoint","urlTemplate":"https:\/\/www.ilplonner.de\/?s={search_term_string}"},"query-input":"required name=search_term_string"}],"inLanguage":"it-IT"},{"@type":"ImageObject","@id":"https:\/\/www.ilplonner.de\/it\/ospite\/#primaryimage","inLanguage":"it-IT","url":"http:\/\/www.ilplonner.de\/wp-content\/uploads\/2021\/06\/Schno\u0308rkel-Weiss1.png","contentUrl":"http:\/\/www.ilplonner.de\/wp-content\/uploads\/2021\/06\/Schno\u0308rkel-Weiss1.png"},{"@type":"WebPage","@id":"https:\/\/www.ilplonner.de\/it\/ospite\/#webpage","url":"https:\/\/www.ilplonner.de\/it\/ospite\/","name":"I vostri padroni di casa al Dorfgasthof Il Plonner","isPartOf":{"@id":"https:\/\/www.ilplonner.de\/#website"},"primaryImageOfPage":{"@id":"https:\/\/www.ilplonner.de\/it\/ospite\/#primaryimage"},"datePublished":"2021-07-28T07:03:56+00:00","dateModified":"2021-07-28T08:11:13+00:00","description":"Domenico e Carola Petrone vi danno il benvenuto al Dorfgasthof Il Plonner come padroni di casa con passione \u27a8 Per saperne di pi\u00f9!","breadcrumb":{"@id":"https:\/\/www.ilplonner.de\/it\/ospite\/#breadcrumb"},"inLanguage":"it-IT","potentialAction":[{"@type":"ReadAction","target":["https:\/\/www.ilplonner.de\/it\/ospite\/"]}]},{"@type":"BreadcrumbList","@id":"https:\/\/www.ilplonner.de\/it\/ospite\/#breadcrumb","itemListElement":[{"@type":"ListItem","position":1,"name":"Startseite","item":"https:\/\/www.ilplonner.de\/it\/"},{"@type":"ListItem","position":2,"name":"Ospite"}]}]}},"jetpack_sharing_enabled":true,"_links":{"self":[{"href":"https:\/\/www.ilplonner.de\/it\/wp-json\/wp\/v2\/pages\/3140","targetHints":{"allow":["GET"]}}],"collection":[{"href":"https:\/\/www.ilplonner.de\/it\/wp-json\/wp\/v2\/pages"}],"about":[{"href":"https:\/\/www.ilplonner.de\/it\/wp-json\/wp\/v2\/types\/page"}],"author":[{"embeddable":true,"href":"https:\/\/www.ilplonner.de\/it\/wp-json\/wp\/v2\/users\/1"}],"replies":[{"embeddable":true,"href":"https:\/\/www.ilplonner.de\/it\/wp-json\/wp\/v2\/comments?post=3140"}],"version-history":[{"count":5,"href":"https:\/\/www.ilplonner.de\/it\/wp-json\/wp\/v2\/pages\/3140\/revisions"}],"predecessor-version":[{"id":3217,"href":"https:\/\/www.ilplonner.de\/it\/wp-json\/wp\/v2\/pages\/3140\/revisions\/3217"}],"wp:attachment":[{"href":"https:\/\/www.ilplonner.de\/it\/wp-json\/wp\/v2\/media?parent=3140"}],"curies":[{"name":"wp","href":"https:\/\/api.w.org\/{rel}","templated":true}]}}